{"id":33623,"date":"2023-03-22T18:42:57","date_gmt":"2023-03-22T18:42:57","guid":{"rendered":"https:\/\/vonangeli.com\/home\/"},"modified":"2024-12-31T09:45:22","modified_gmt":"2024-12-31T09:45:22","slug":"home","status":"publish","type":"page","link":"https:\/\/vonangeli.com\/en\/","title":{"rendered":"Home"},"content":{"rendered":"\t\t<div data-elementor-type=\"wp-page\" data-elementor-id=\"33623\" class=\"elementor elementor-33623\" data-elementor-settings=\"{&quot;ha_cmc_init_switcher&quot;:&quot;no&quot;}\" data-elementor-post-type=\"page\">\n\t\t\t\t\t\t<section class=\"elementor-section elementor-top-section elementor-element elementor-element-d80ca26 elementor-section-full_width elementor-section-height-default elementor-section-height-default neuron-fixed-no\" data-id=\"d80ca26\" data-element_type=\"section\" data-e-type=\"section\" data-settings=\"{&quot;_ha_eqh_enable&quot;:false,&quot;ekit_has_onepagescroll_dot&quot;:&quot;yes&quot;}\">\n\t\t\t\t\t\t<div class=\"elementor-container elementor-column-gap-default\">\n\t\t\t\t\t<div class=\"elementor-column elementor-col-100 elementor-top-column elementor-element elementor-element-c053eaa\" data-id=\"c053eaa\" data-element_type=\"column\" data-e-type=\"column\">\n\t\t\t<div class=\"elementor-widget-wrap elementor-element-populated\">\n\t\t\t\t\t\t<section class=\"elementor-section elementor-inner-section elementor-element elementor-element-9b7922c elementor-section-content-middle elementor-section-full_width elementor-section-height-default elementor-section-height-default neuron-fixed-no\" data-id=\"9b7922c\" data-element_type=\"section\" data-e-type=\"section\" data-settings=\"{&quot;_ha_eqh_enable&quot;:false,&quot;ekit_has_onepagescroll_dot&quot;:&quot;yes&quot;}\">\n\t\t\t\t\t\t<div class=\"elementor-container elementor-column-gap-default\">\n\t\t\t\t\t<div class=\"elementor-column elementor-col-100 elementor-inner-column elementor-element elementor-element-9584679\" data-id=\"9584679\" data-element_type=\"column\" data-e-type=\"column\">\n\t\t\t<div class=\"elementor-widget-wrap elementor-element-populated\">\n\t\t\t\t\t\t<div class=\"elementor-element elementor-element-0953d18 elementor-widget elementor-widget-spacer\" data-id=\"0953d18\" data-element_type=\"widget\" data-e-type=\"widget\" data-settings=\"{&quot;ekit_we_effect_on&quot;:&quot;none&quot;}\" data-widget_type=\"spacer.default\">\n\t\t\t\t<div class=\"elementor-widget-container\">\n\t\t\t\t\t\t\t<div class=\"elementor-spacer\">\n\t\t\t<div class=\"elementor-spacer-inner\"><\/div>\n\t\t<\/div>\n\t\t\t\t\t\t<\/div>\n\t\t\t\t<\/div>\n\t\t\t\t<div class=\"elementor-element elementor-element-435b434 elementor-widget elementor-widget-spacer\" data-id=\"435b434\" data-element_type=\"widget\" data-e-type=\"widget\" data-settings=\"{&quot;ekit_we_effect_on&quot;:&quot;none&quot;}\" data-widget_type=\"spacer.default\">\n\t\t\t\t<div class=\"elementor-widget-container\">\n\t\t\t\t\t\t\t<div class=\"elementor-spacer\">\n\t\t\t<div class=\"elementor-spacer-inner\"><\/div>\n\t\t<\/div>\n\t\t\t\t\t\t<\/div>\n\t\t\t\t<\/div>\n\t\t\t\t<div class=\"elementor-element elementor-element-50242a0 elementor-hidden-tablet elementor-hidden-mobile elementor-widget elementor-widget-image\" data-id=\"50242a0\" data-element_type=\"widget\" data-e-type=\"widget\" data-settings=\"{&quot;ekit_we_effect_on&quot;:&quot;none&quot;}\" data-widget_type=\"image.default\">\n\t\t\t\t<div class=\"elementor-widget-container\">\n\t\t\t\t\t\t\t\t\t\t\t\t\t\t\t<img fetchpriority=\"high\" decoding=\"async\" width=\"1024\" height=\"1024\" src=\"https:\/\/vonangeli.com\/wp-content\/uploads\/2023\/03\/HvA-Signature.svg\" class=\"attachment-large size-large wp-image-29454\" alt=\"\" \/>\t\t\t\t\t\t\t\t\t\t\t\t\t\t\t<\/div>\n\t\t\t\t<\/div>\n\t\t\t\t<div class=\"elementor-element elementor-element-1949117 elementor-widget elementor-widget-spacer\" data-id=\"1949117\" data-element_type=\"widget\" data-e-type=\"widget\" data-settings=\"{&quot;ekit_we_effect_on&quot;:&quot;none&quot;}\" data-widget_type=\"spacer.default\">\n\t\t\t\t<div class=\"elementor-widget-container\">\n\t\t\t\t\t\t\t<div class=\"elementor-spacer\">\n\t\t\t<div class=\"elementor-spacer-inner\"><\/div>\n\t\t<\/div>\n\t\t\t\t\t\t<\/div>\n\t\t\t\t<\/div>\n\t\t\t\t<div class=\"elementor-element elementor-element-f28bb84 elementor-widget elementor-widget-heading\" data-id=\"f28bb84\" data-element_type=\"widget\" data-e-type=\"widget\" data-settings=\"{&quot;ekit_we_effect_on&quot;:&quot;none&quot;}\" data-widget_type=\"heading.default\">\n\t\t\t\t<div class=\"elementor-widget-container\">\n\t\t\t\t\t<h1 class=\"elementor-heading-title elementor-size-default\"><a href=\"https:\/\/vonangeli.com\/portfolio\/samstag-21-juni-1925\/\">Heinrich von Angeli<\/br>Ein paar Tage im Sommer 1924<\/a><\/h1>\t\t\t\t<\/div>\n\t\t\t\t<\/div>\n\t\t\t\t<div class=\"elementor-element elementor-element-59b8446 elementor-widget elementor-widget-heading\" data-id=\"59b8446\" data-element_type=\"widget\" data-e-type=\"widget\" data-settings=\"{&quot;ekit_we_effect_on&quot;:&quot;none&quot;}\" data-widget_type=\"heading.default\">\n\t\t\t\t<div class=\"elementor-widget-container\">\n\t\t\t\t\t<h6 class=\"elementor-heading-title elementor-size-default\"><a href=\"https:\/\/vonangeli.com\/portfolio\/samstag-21-juni-1925\/\">Biographische Erz\u00e4hlung von Wolfgang Pfarl<\/a><\/h6>\t\t\t\t<\/div>\n\t\t\t\t<\/div>\n\t\t\t\t<div class=\"elementor-element elementor-element-43bcff6 elementor-widget-divider--view-line elementor-widget elementor-widget-divider\" data-id=\"43bcff6\" data-element_type=\"widget\" data-e-type=\"widget\" data-settings=\"{&quot;ekit_we_effect_on&quot;:&quot;none&quot;}\" data-widget_type=\"divider.default\">\n\t\t\t\t<div class=\"elementor-widget-container\">\n\t\t\t\t\t\t\t<div class=\"elementor-divider\">\n\t\t\t<span class=\"elementor-divider-separator\">\n\t\t\t\t\t\t<\/span>\n\t\t<\/div>\n\t\t\t\t\t\t<\/div>\n\t\t\t\t<\/div>\n\t\t\t\t<div class=\"elementor-element elementor-element-27a3318 elementor-widget elementor-widget-heading\" data-id=\"27a3318\" data-element_type=\"widget\" data-e-type=\"widget\" data-settings=\"{&quot;ekit_we_effect_on&quot;:&quot;none&quot;}\" data-widget_type=\"heading.default\">\n\t\t\t\t<div class=\"elementor-widget-container\">\n\t\t\t\t\t<h1 class=\"elementor-heading-title elementor-size-default\"><a href=\"https:\/\/vonangeli.com\/portfolio\/angeli-werdegang\/\">F\u00fcrstenmaler &amp; Kronzeuge der Gr\u00fcnderzeit<\/a><\/h1>\t\t\t\t<\/div>\n\t\t\t\t<\/div>\n\t\t\t\t<div class=\"elementor-element elementor-element-63e04ce elementor-widget elementor-widget-heading\" data-id=\"63e04ce\" data-element_type=\"widget\" data-e-type=\"widget\" data-settings=\"{&quot;ekit_we_effect_on&quot;:&quot;none&quot;}\" data-widget_type=\"heading.default\">\n\t\t\t\t<div class=\"elementor-widget-container\">\n\t\t\t\t\t<h6 class=\"elementor-heading-title elementor-size-default\"><a href=\"https:\/\/vonangeli.com\/portfolio\/angeli-werdegang\/\">Radio Feature mit Wolfgang Pfarl<\/a><\/h6>\t\t\t\t<\/div>\n\t\t\t\t<\/div>\n\t\t\t\t<div class=\"elementor-element elementor-element-7c24a9d elementor-widget-divider--view-line elementor-widget elementor-widget-divider\" data-id=\"7c24a9d\" data-element_type=\"widget\" data-e-type=\"widget\" data-settings=\"{&quot;ekit_we_effect_on&quot;:&quot;none&quot;}\" data-widget_type=\"divider.default\">\n\t\t\t\t<div class=\"elementor-widget-container\">\n\t\t\t\t\t\t\t<div class=\"elementor-divider\">\n\t\t\t<span class=\"elementor-divider-separator\">\n\t\t\t\t\t\t<\/span>\n\t\t<\/div>\n\t\t\t\t\t\t<\/div>\n\t\t\t\t<\/div>\n\t\t\t\t<div class=\"elementor-element elementor-element-05047b4 elementor-widget elementor-widget-heading\" data-id=\"05047b4\" data-element_type=\"widget\" data-e-type=\"widget\" data-settings=\"{&quot;ekit_we_effect_on&quot;:&quot;none&quot;}\" data-widget_type=\"heading.default\">\n\t\t\t\t<div class=\"elementor-widget-container\">\n\t\t\t\t\t<h1 class=\"elementor-heading-title elementor-size-default\"><a href=\"https:\/\/vonangeli.com\/portfolio\/angeli-und-das-palais-apponyi\/\">Angeli &amp; das Palais Apponyi\n<\/a><\/h1>\t\t\t\t<\/div>\n\t\t\t\t<\/div>\n\t\t\t\t<div class=\"elementor-element elementor-element-8d623ed elementor-widget elementor-widget-heading\" data-id=\"8d623ed\" data-element_type=\"widget\" data-e-type=\"widget\" data-settings=\"{&quot;ekit_we_effect_on&quot;:&quot;none&quot;}\" data-widget_type=\"heading.default\">\n\t\t\t\t<div class=\"elementor-widget-container\">\n\t\t\t\t\t<h6 class=\"elementor-heading-title elementor-size-default\"><a href=\"https:\/\/vonangeli.com\/portfolio\/angeli-und-das-palais-apponyi\/\">TV Feature mit Karl von Hohenlohe und Wolfgang pfarl<\/a><\/h6>\t\t\t\t<\/div>\n\t\t\t\t<\/div>\n\t\t\t\t\t<\/div>\n\t\t<\/div>\n\t\t\t\t\t<\/div>\n\t\t<\/section>\n\t\t\t\t<section class=\"elementor-section elementor-inner-section elementor-element elementor-element-0f842b2 elementor-section-content-middle elementor-hidden-desktop elementor-hidden-tablet elementor-hidden-mobile elementor-section-boxed elementor-section-height-default elementor-section-height-default neuron-fixed-no\" data-id=\"0f842b2\" data-element_type=\"section\" data-e-type=\"section\" data-settings=\"{&quot;_ha_eqh_enable&quot;:false,&quot;ekit_has_onepagescroll_dot&quot;:&quot;yes&quot;}\">\n\t\t\t\t\t\t<div class=\"elementor-container elementor-column-gap-default\">\n\t\t\t\t\t<div class=\"elementor-column elementor-col-50 elementor-inner-column elementor-element elementor-element-268a9ee\" data-id=\"268a9ee\" data-element_type=\"column\" data-e-type=\"column\">\n\t\t\t<div class=\"elementor-widget-wrap elementor-element-populated\">\n\t\t\t\t\t\t<div class=\"elementor-element elementor-element-0143281 elementor-widget elementor-widget-heading\" data-id=\"0143281\" data-element_type=\"widget\" data-e-type=\"widget\" data-settings=\"{&quot;ekit_we_effect_on&quot;:&quot;none&quot;}\" data-widget_type=\"heading.default\">\n\t\t\t\t<div class=\"elementor-widget-container\">\n\t\t\t\t\t<h6 class=\"elementor-heading-title elementor-size-default\"><a href=\"#\">\u00dcber Heinrich von Angeli<\/a><\/h6>\t\t\t\t<\/div>\n\t\t\t\t<\/div>\n\t\t\t\t\t<\/div>\n\t\t<\/div>\n\t\t\t\t<div class=\"elementor-column elementor-col-50 elementor-inner-column elementor-element elementor-element-66bc0a6\" data-id=\"66bc0a6\" data-element_type=\"column\" data-e-type=\"column\">\n\t\t\t<div class=\"elementor-widget-wrap elementor-element-populated\">\n\t\t\t\t\t\t<div class=\"elementor-element elementor-element-8f48461 elementor-widget elementor-widget-heading\" data-id=\"8f48461\" data-element_type=\"widget\" data-e-type=\"widget\" data-settings=\"{&quot;ekit_we_effect_on&quot;:&quot;none&quot;}\" data-widget_type=\"heading.default\">\n\t\t\t\t<div class=\"elementor-widget-container\">\n\t\t\t\t\t<h6 class=\"elementor-heading-title elementor-size-default\"><a href=\"#\">\u00dcber den Autor<\/a><\/h6>\t\t\t\t<\/div>\n\t\t\t\t<\/div>\n\t\t\t\t\t<\/div>\n\t\t<\/div>\n\t\t\t\t\t<\/div>\n\t\t<\/section>\n\t\t\t\t<div class=\"elementor-element elementor-element-b93a725 elementor-widget elementor-widget-spacer\" data-id=\"b93a725\" data-element_type=\"widget\" data-e-type=\"widget\" data-settings=\"{&quot;ekit_we_effect_on&quot;:&quot;none&quot;}\" data-widget_type=\"spacer.default\">\n\t\t\t\t<div class=\"elementor-widget-container\">\n\t\t\t\t\t\t\t<div class=\"elementor-spacer\">\n\t\t\t<div class=\"elementor-spacer-inner\"><\/div>\n\t\t<\/div>\n\t\t\t\t\t\t<\/div>\n\t\t\t\t<\/div>\n\t\t\t\t<div class=\"elementor-element elementor-element-0d69766 elementor-widget elementor-widget-spacer\" data-id=\"0d69766\" data-element_type=\"widget\" data-e-type=\"widget\" data-settings=\"{&quot;ekit_we_effect_on&quot;:&quot;none&quot;}\" data-widget_type=\"spacer.default\">\n\t\t\t\t<div class=\"elementor-widget-container\">\n\t\t\t\t\t\t\t<div class=\"elementor-spacer\">\n\t\t\t<div class=\"elementor-spacer-inner\"><\/div>\n\t\t<\/div>\n\t\t\t\t\t\t<\/div>\n\t\t\t\t<\/div>\n\t\t\t\t\t<\/div>\n\t\t<\/div>\n\t\t\t\t\t<\/div>\n\t\t<\/section>\n\t\t\t\t<\/div>\n\t\t","protected":false},"excerpt":{"rendered":"<p>Heinrich von AngeliEin paar Tage im Sommer 1924 Biographische Erz\u00e4hlung von Wolfgang Pfarl F\u00fcrstenmaler &amp; Kronzeuge der Gr\u00fcnderzeit&#8230;<\/p>\n","protected":false},"author":1,"featured_media":33430,"parent":0,"menu_order":5,"comment_status":"closed","ping_status":"closed","template":"elementor_header_footer","meta":{"_acf_changed":false,"inline_featured_image":false,"footnotes":""},"person":[],"class_list":["post-33623","page","type-page","status-publish","has-post-thumbnail","hentry"],"acf":[],"yoast_head":"<!-- This site is optimized with the Yoast SEO plugin v27.5 - https:\/\/yoast.com\/product\/yoast-seo-wordpress\/ -->\n<title>Home - Heinrich von Angeli<\/title>\n<meta name=\"robots\" content=\"noindex, follow, max-snippet:-1, max-image-preview:large, max-video-preview:-1\" \/>\n<meta property=\"og:locale\" content=\"en_US\" \/>\n<meta property=\"og:type\" content=\"article\" \/>\n<meta property=\"og:title\" content=\"Home - Heinrich von Angeli\" \/>\n<meta property=\"og:description\" content=\"Heinrich von AngeliEin paar Tage im Sommer 1924 Biographische Erz\u00e4hlung von Wolfgang Pfarl F\u00fcrstenmaler &amp; Kronzeuge der Gr\u00fcnderzeit...\" \/>\n<meta property=\"og:url\" content=\"https:\/\/vonangeli.com\/en\/\" \/>\n<meta property=\"og:site_name\" content=\"Heinrich von Angeli\" \/>\n<meta property=\"article:modified_time\" content=\"2024-12-31T09:45:22+00:00\" \/>\n<meta property=\"og:image\" content=\"https:\/\/vonangeli.com\/wp-content\/uploads\/2023\/03\/HvA-Featured.jpg\" \/>\n\t<meta property=\"og:image:width\" content=\"500\" \/>\n\t<meta property=\"og:image:height\" content=\"386\" \/>\n\t<meta property=\"og:image:type\" content=\"image\/jpeg\" \/>\n<meta name=\"twitter:card\" content=\"summary_large_image\" \/>\n<script type=\"application\/ld+json\" class=\"yoast-schema-graph\">{\"@context\":\"https:\\\/\\\/schema.org\",\"@graph\":[{\"@type\":\"WebPage\",\"@id\":\"https:\\\/\\\/vonangeli.com\\\/en\\\/\",\"url\":\"https:\\\/\\\/vonangeli.com\\\/en\\\/\",\"name\":\"Home - Heinrich von Angeli\",\"isPartOf\":{\"@id\":\"https:\\\/\\\/vonangeli.com\\\/#website\"},\"primaryImageOfPage\":{\"@id\":\"https:\\\/\\\/vonangeli.com\\\/en\\\/#primaryimage\"},\"image\":{\"@id\":\"https:\\\/\\\/vonangeli.com\\\/en\\\/#primaryimage\"},\"thumbnailUrl\":\"https:\\\/\\\/vonangeli.com\\\/wp-content\\\/uploads\\\/2023\\\/03\\\/HvA-Featured.jpg\",\"datePublished\":\"2023-03-22T18:42:57+00:00\",\"dateModified\":\"2024-12-31T09:45:22+00:00\",\"breadcrumb\":{\"@id\":\"https:\\\/\\\/vonangeli.com\\\/en\\\/#breadcrumb\"},\"inLanguage\":\"en-US\",\"potentialAction\":[{\"@type\":\"ReadAction\",\"target\":[\"https:\\\/\\\/vonangeli.com\\\/en\\\/\"]}]},{\"@type\":\"ImageObject\",\"inLanguage\":\"en-US\",\"@id\":\"https:\\\/\\\/vonangeli.com\\\/en\\\/#primaryimage\",\"url\":\"https:\\\/\\\/vonangeli.com\\\/wp-content\\\/uploads\\\/2023\\\/03\\\/HvA-Featured.jpg\",\"contentUrl\":\"https:\\\/\\\/vonangeli.com\\\/wp-content\\\/uploads\\\/2023\\\/03\\\/HvA-Featured.jpg\",\"width\":500,\"height\":386},{\"@type\":\"BreadcrumbList\",\"@id\":\"https:\\\/\\\/vonangeli.com\\\/en\\\/#breadcrumb\",\"itemListElement\":[{\"@type\":\"ListItem\",\"position\":1,\"name\":\"Home\",\"item\":\"https:\\\/\\\/vonangeli.com\\\/en\\\/\"},{\"@type\":\"ListItem\",\"position\":2,\"name\":\"Home\"}]},{\"@type\":\"WebSite\",\"@id\":\"https:\\\/\\\/vonangeli.com\\\/#website\",\"url\":\"https:\\\/\\\/vonangeli.com\\\/\",\"name\":\"Heinrich von Angeli\",\"description\":\"Ein paar Tage im Sommer 1924\",\"publisher\":{\"@id\":\"https:\\\/\\\/vonangeli.com\\\/#organization\"},\"potentialAction\":[{\"@type\":\"SearchAction\",\"target\":{\"@type\":\"EntryPoint\",\"urlTemplate\":\"https:\\\/\\\/vonangeli.com\\\/?s={search_term_string}\"},\"query-input\":{\"@type\":\"PropertyValueSpecification\",\"valueRequired\":true,\"valueName\":\"search_term_string\"}}],\"inLanguage\":\"en-US\"},{\"@type\":\"Organization\",\"@id\":\"https:\\\/\\\/vonangeli.com\\\/#organization\",\"name\":\"Heinrich von Angeli\",\"url\":\"https:\\\/\\\/vonangeli.com\\\/\",\"logo\":{\"@type\":\"ImageObject\",\"inLanguage\":\"en-US\",\"@id\":\"https:\\\/\\\/vonangeli.com\\\/#\\\/schema\\\/logo\\\/image\\\/\",\"url\":\"https:\\\/\\\/vonangeli.com\\\/wp-content\\\/uploads\\\/2023\\\/03\\\/HvA-Signature.svg\",\"contentUrl\":\"https:\\\/\\\/vonangeli.com\\\/wp-content\\\/uploads\\\/2023\\\/03\\\/HvA-Signature.svg\",\"width\":938,\"height\":237,\"caption\":\"Heinrich von Angeli\"},\"image\":{\"@id\":\"https:\\\/\\\/vonangeli.com\\\/#\\\/schema\\\/logo\\\/image\\\/\"}}]}<\/script>\n<!-- \/ Yoast SEO plugin. -->","yoast_head_json":{"title":"Home - Heinrich von Angeli","robots":{"index":"noindex","follow":"follow","max-snippet":"max-snippet:-1","max-image-preview":"max-image-preview:large","max-video-preview":"max-video-preview:-1"},"og_locale":"en_US","og_type":"article","og_title":"Home - Heinrich von Angeli","og_description":"Heinrich von AngeliEin paar Tage im Sommer 1924 Biographische Erz\u00e4hlung von Wolfgang Pfarl F\u00fcrstenmaler &amp; Kronzeuge der Gr\u00fcnderzeit...","og_url":"https:\/\/vonangeli.com\/en\/","og_site_name":"Heinrich von Angeli","article_modified_time":"2024-12-31T09:45:22+00:00","og_image":[{"width":500,"height":386,"url":"https:\/\/vonangeli.com\/wp-content\/uploads\/2023\/03\/HvA-Featured.jpg","type":"image\/jpeg"}],"twitter_card":"summary_large_image","schema":{"@context":"https:\/\/schema.org","@graph":[{"@type":"WebPage","@id":"https:\/\/vonangeli.com\/en\/","url":"https:\/\/vonangeli.com\/en\/","name":"Home - Heinrich von Angeli","isPartOf":{"@id":"https:\/\/vonangeli.com\/#website"},"primaryImageOfPage":{"@id":"https:\/\/vonangeli.com\/en\/#primaryimage"},"image":{"@id":"https:\/\/vonangeli.com\/en\/#primaryimage"},"thumbnailUrl":"https:\/\/vonangeli.com\/wp-content\/uploads\/2023\/03\/HvA-Featured.jpg","datePublished":"2023-03-22T18:42:57+00:00","dateModified":"2024-12-31T09:45:22+00:00","breadcrumb":{"@id":"https:\/\/vonangeli.com\/en\/#breadcrumb"},"inLanguage":"en-US","potentialAction":[{"@type":"ReadAction","target":["https:\/\/vonangeli.com\/en\/"]}]},{"@type":"ImageObject","inLanguage":"en-US","@id":"https:\/\/vonangeli.com\/en\/#primaryimage","url":"https:\/\/vonangeli.com\/wp-content\/uploads\/2023\/03\/HvA-Featured.jpg","contentUrl":"https:\/\/vonangeli.com\/wp-content\/uploads\/2023\/03\/HvA-Featured.jpg","width":500,"height":386},{"@type":"BreadcrumbList","@id":"https:\/\/vonangeli.com\/en\/#breadcrumb","itemListElement":[{"@type":"ListItem","position":1,"name":"Home","item":"https:\/\/vonangeli.com\/en\/"},{"@type":"ListItem","position":2,"name":"Home"}]},{"@type":"WebSite","@id":"https:\/\/vonangeli.com\/#website","url":"https:\/\/vonangeli.com\/","name":"Heinrich von Angeli","description":"Ein paar Tage im Sommer 1924","publisher":{"@id":"https:\/\/vonangeli.com\/#organization"},"potentialAction":[{"@type":"SearchAction","target":{"@type":"EntryPoint","urlTemplate":"https:\/\/vonangeli.com\/?s={search_term_string}"},"query-input":{"@type":"PropertyValueSpecification","valueRequired":true,"valueName":"search_term_string"}}],"inLanguage":"en-US"},{"@type":"Organization","@id":"https:\/\/vonangeli.com\/#organization","name":"Heinrich von Angeli","url":"https:\/\/vonangeli.com\/","logo":{"@type":"ImageObject","inLanguage":"en-US","@id":"https:\/\/vonangeli.com\/#\/schema\/logo\/image\/","url":"https:\/\/vonangeli.com\/wp-content\/uploads\/2023\/03\/HvA-Signature.svg","contentUrl":"https:\/\/vonangeli.com\/wp-content\/uploads\/2023\/03\/HvA-Signature.svg","width":938,"height":237,"caption":"Heinrich von Angeli"},"image":{"@id":"https:\/\/vonangeli.com\/#\/schema\/logo\/image\/"}}]}},"_links":{"self":[{"href":"https:\/\/vonangeli.com\/en\/wp-json\/wp\/v2\/pages\/33623","targetHints":{"allow":["GET"]}}],"collection":[{"href":"https:\/\/vonangeli.com\/en\/wp-json\/wp\/v2\/pages"}],"about":[{"href":"https:\/\/vonangeli.com\/en\/wp-json\/wp\/v2\/types\/page"}],"author":[{"embeddable":true,"href":"https:\/\/vonangeli.com\/en\/wp-json\/wp\/v2\/users\/1"}],"replies":[{"embeddable":true,"href":"https:\/\/vonangeli.com\/en\/wp-json\/wp\/v2\/comments?post=33623"}],"version-history":[{"count":10,"href":"https:\/\/vonangeli.com\/en\/wp-json\/wp\/v2\/pages\/33623\/revisions"}],"predecessor-version":[{"id":33873,"href":"https:\/\/vonangeli.com\/en\/wp-json\/wp\/v2\/pages\/33623\/revisions\/33873"}],"wp:featuredmedia":[{"embeddable":true,"href":"https:\/\/vonangeli.com\/en\/wp-json\/wp\/v2\/media\/33430"}],"wp:attachment":[{"href":"https:\/\/vonangeli.com\/en\/wp-json\/wp\/v2\/media?parent=33623"}],"wp:term":[{"taxonomy":"person","embeddable":true,"href":"https:\/\/vonangeli.com\/en\/wp-json\/wp\/v2\/person?post=33623"}],"curies":[{"name":"wp","href":"https:\/\/api.w.org\/{rel}","templated":true}]}}